{"id":79052,"date":"2024-10-31T14:56:34","date_gmt":"2024-10-31T14:56:34","guid":{"rendered":"https:\/\/mediamaking.com\/?page_id=79052"},"modified":"2025-09-09T14:00:39","modified_gmt":"2025-09-09T14:00:39","slug":"privacy-canon-event","status":"publish","type":"page","link":"https:\/\/mediamaking.com\/en\/privacy-canon-event\/","title":{"rendered":"Privacy Canon Event"},"content":{"rendered":"<div class=\"et_d4_element et_pb_section et_pb_section_0 et_pb_with_background  et_pb_css_mix_blend_mode et_section_regular et_block_section\" >\n\t\t\t\t\n\t\t\t\t\n\t\t\t\t\n\t\t\t\t\n\t\t\t\t\n\t\t\t\t\n\t\t\t\t<div class=\"et_d4_element et_pb_row et_pb_row_0  et_pb_css_mix_blend_mode et_block_row\">\n\t\t\t\t<div class=\"et_d4_element et_pb_column_4_4 et_pb_column et_pb_column_0  et_pb_css_mix_blend_mode et-last-child et_block_column\">\n\t\t\t\t\n\t\t\t\t\n\t\t\t\t\n\t\t\t\t\n\t\t\t\t<div class=\"et_pb_module et_d4_element et_pb_text et_pb_text_0 sottotitolo-testo et_animated  et_pb_text_align_center et_pb_bg_layout_light\">\n\t\t\t\t\n\t\t\t\t\n\t\t\t\t\n\t\t\t\t\n\t\t\t\t<div class=\"et_pb_text_inner\"><p>Informativa Privacy<\/p><\/div>\n\t\t\t<\/div>\n\t\t\t<\/div>\n\t\t\t\t\n\t\t\t\t\n\t\t\t\t\n\t\t\t\t\n\t\t\t<\/div><div class=\"et_d4_element et_pb_row et_pb_row_1  et_pb_css_mix_blend_mode et_block_row\">\n\t\t\t\t<div class=\"et_d4_element et_pb_column_4_4 et_pb_column et_pb_column_1  et_pb_css_mix_blend_mode et-last-child et_block_column\">\n\t\t\t\t\n\t\t\t\t\n\t\t\t\t\n\t\t\t\t\n\t\t\t\t<div class=\"et_pb_module et_d4_element et_pb_text et_pb_text_1 paragrafo-testo et_animated  et_pb_text_align_justified et_pb_bg_layout_light\">\n\t\t\t\t\n\t\t\t\t\n\t\t\t\t\n\t\t\t\t\n\t\t\t\t<div class=\"et_pb_text_inner\"><p style=\"text-align: justify;\">Lo scopo della presente informativa \u00e8 fornire la massima trasparenza agli utenti e ai visitatori del nostro sito web in merito alle informazioni raccolte e al loro utilizzo.<\/p>\n<p>In conformit\u00e0 alla normativa nazionale (D. Lgs. 30 giugno 2003 n.196, \"Codice in materia di protezione dei dati personali\") e al Regolamento UE 2016\/679 (\u201cGDPR\u201d), il sito rispetta e tutela la riservatezza degli utenti, adottando misure idonee a non ledere i loro diritti.<\/p>\n<p>Il sito non pubblica annunci pubblicitari e non utilizza i dati personali a fini pubblicitari, salvo l\u2019invio di newsletter specificamente richieste.<\/p>\n<p>Vengono utilizzati plugin social configurati per inviare cookie solo dopo un\u2019azione volontaria dell\u2019utente (es. clic sul pulsante del social).<\/p>\n<p><strong>Autorizzazione alla pubblcazione di fotografie e\/o riprese video<\/strong><\/p>\n<p>Autorizzo MediaMaking e Canon Italia SpA a realizzare immagini e\/o riprese video che ritraggono la mia persona durante l\u2019evento. Tali contenuti potranno essere pubblicati a titolo gratuito sui canali social ufficiali di entrambe le societ\u00e0 per finalit\u00e0 promozionali, redazionali e di referenza, esclusa ogni finalit\u00e0 di lucro.<br \/>\nDichiaro di rinunciare a qualsiasi compenso derivante dalla pubblicazione e dall\u2019utilizzo delle suddette immagini, con ogni mezzo e modalit\u00e0, secondo quanto sopra indicato, e di non avere nulla a pretendere da Canon Italia S.p.A. n\u00e9 da suoi aventi causa, presenti e futuri, per l\u2019utilizzo e la diffusione delle stesse.<\/p>\n<p style=\"text-align: justify;\"><strong>Base giuridica del trattamento<\/strong><\/p>\n<p style=\"text-align: justify;\">Il trattamento dei dati si basa prevalentemente sul consenso dell\u2019utente. Il consenso si considera conferito con l\u2019uso o la consultazione del sito, o tramite registrazione volontaria. I dati potranno essere trattati anche per legittimo interesse o obblighi di legge.<\/p>\n<p>\u00c8 sempre possibile revocare il consenso precedentemente fornito, senza pregiudicare la liceit\u00e0 del trattamento basata sul consenso prima della revoca.<\/p>\n<p>Il mancato conferimento del consenso pu\u00f2 comportare l\u2019impossibilit\u00e0 di erogare alcuni servizi, come la registrazione o l\u2019accesso ad aree riservate.<\/p>\n<p style=\"text-align: justify;\"><strong>Finalit\u00e0 del trattamento<\/strong><\/p>\n<p style=\"text-align: justify;\">I dati raccolti sono trattati per le seguenti finalit\u00e0:<\/p>\n<p>Gestione degli ordini e dei servizi (acquisto, pagamento, spedizione, assistenza clienti);<\/p>\n<p>Finalit\u00e0 statistiche (in forma aggregata e anonima);<\/p>\n<p>Sicurezza del sito (antispam, firewall, protezione da attacchi);<\/p>\n<p>Attivit\u00e0 accessorie (supporto tecnico, hosting, servizi logistici);<\/p>\n<p>Adempimento di obblighi legali.<\/p>\n<p style=\"text-align: justify;\"><strong>Dati raccolti<\/strong><\/p>\n<p style=\"text-align: justify;\">Automaticamente: IP, browser, dispositivo, ISP, orario di visita, pagine visitate, ecc.<\/p>\n<p>Volontariamente: attraverso moduli di contatto, registrazione o acquisti, nome e email.<\/p>\n<p style=\"text-align: justify;\"><strong>Luogo del trattamento<br \/>\n<\/strong><\/p>\n<p style=\"text-align: justify;\">Il trattamento dei dati avviene presso la sede di MediaMaking Srl (Via Mestre 19 \u2013 20132 Milano) e sul territorio italiano, da personale autorizzato. <\/p>\n<p style=\"text-align: justify;\"><strong>Periodo di conservazione dei dati<\/strong><\/p>\n<p style=\"text-align: justify;\">I dati sono conservati per il tempo necessario all\u2019erogazione del servizio richiesto, o secondo gli obblighi normativi.<br \/>\nI dati di sicurezza (es. IP) sono conservati per 30 giorni, mentre i dati per analisi statistiche in forma aggregata sono conservati per 24 mesi.<\/p>\n<p style=\"text-align: justify;\"><strong>Trasferimento dei dati raccolti a terze parti<\/strong><\/p>\n<p style=\"text-align: justify;\">I dati raccolti dal sito non vengono ceduti a terze parti, salvo nei seguenti casi:<br \/>\n\u2013 legittime richieste da parte dell\u2019autorit\u00e0 giudiziaria;<br \/>\n\u2013 necessit\u00e0 tecniche per la fornitura dei servizi richiesti dall\u2019utente;<br \/>\n\u2013 previo consenso esplicito dell\u2019utente, come nel caso della condivisione dei dati con Canon Italia SpA per finalit\u00e0 promozionali e\/o di marketing.<\/p>\n<p style=\"text-align: justify;\"><strong>Trasferimento extra UE<br \/>\n<\/strong><\/p>\n<p style=\"text-align: justify;\">Alcuni servizi (es. Google, Facebook, LinkedIn) possono comportare trasferimenti di dati al di fuori dell\u2019UE.<br \/>\nTali trasferimenti avvengono nel rispetto delle decisioni dell\u2019Unione Europea e delle autorit\u00e0 garanti (es. Privacy Shield \u2013 decisione 1250\/2016).<\/p>\n<p style=\"text-align: justify;\"><strong>Informativa sui \u201cCookie\u201d<\/strong><\/p>\n<p style=\"text-align: justify;\">Questo sito utilizza cookie per:<\/p>\n<p>Funzionalit\u00e0 tecniche (navigazione, login, lingua, sicurezza);<\/p>\n<p>Analisi statistiche anonime;<\/p>\n<p>Profilazione e marketing (solo tramite terze parti).<\/p>\n<p>\u00c8 possibile disabilitare i cookie direttamente dalle impostazioni del browser. Alcune funzionalit\u00e0 del sito potrebbero non essere disponibili in assenza di cookie.<\/p>\n<p style=\"text-align: justify;\"><strong>Cookie di terze parti<br \/>\n<\/strong><\/p>\n<p style=\"text-align: justify;\">Il sito pu\u00f2 utilizzare cookie di terze parti (es. pulsanti social). Non controlliamo direttamente questi cookie, n\u00e9 accediamo ai dati raccolti.<\/p>\n<p style=\"text-align: justify;\"><strong>Misure di sicurezza<\/strong><\/p>\n<p style=\"text-align: justify;\">I dati vengono trattati in modo lecito, corretto e trasparente, adottando misure tecniche e organizzative adeguate per impedirne la perdita, l\u2019uso illecito o l\u2019accesso non autorizzato.<\/p>\n<p style=\"text-align: justify;\"><strong>Diritti dell'utente<\/strong><\/p>\n<p style=\"text-align: justify;\">Ai sensi del GDPR, l\u2019utente pu\u00f2 esercitare i seguenti diritti:<\/p>\n<p>accesso, rettifica, cancellazione, limitazione del trattamento;<\/p>\n<p>opposizione al trattamento per finalit\u00e0 di marketing;<\/p>\n<p>portabilit\u00e0 dei dati;<\/p>\n<p>revoca del consenso;<\/p>\n<p>reclamo all\u2019autorit\u00e0 di controllo.<\/p>\n<p>Le richieste vanno rivolte al Titolare del trattamento.<\/p><\/div>\n\t\t\t<\/div><div id=\"cessione-dati-a-terze-parti\" class=\"et_pb_module et_d4_element et_pb_text et_pb_text_2 paragrafo-testo et_animated  et_pb_text_align_justified et_pb_bg_layout_light\">\n\t\t\t\t\n\t\t\t\t\n\t\t\t\t\n\t\t\t\t\n\t\t\t\t<div class=\"et_pb_text_inner\"><p><strong>Cessione dati a terze parti<\/strong><\/p>\n<p>Cessione dati a Canon Italia SpA Cliccando qui dichiari di prestare il consenso alla condivisione dei tuoi dati di contatto rilasciati al momento della registrazione al presente evento con la societ\u00e0 Canon Italia SpA con sede legale in Cernusco SN Strada Padana Superiore 2B per finalit\u00e0 promozionali e\/o di marketing relative a prodotti e servizi Canon. Di seguito il link alla <u><a href=\"https:\/\/www.canon.it\/privacy\/privacy-notice\/business\/\">Business Customer Privacy Notice - Canon Italia<\/a><\/u><\/p><\/div>\n\t\t\t<\/div><div id=\"autorizzazione-alla-pubblicazione-di-fotografie\" class=\"et_pb_module et_d4_element et_pb_text et_pb_text_3 paragrafo-testo et_animated  et_pb_text_align_justified et_pb_bg_layout_light\">\n\t\t\t\t\n\t\t\t\t\n\t\t\t\t\n\t\t\t\t\n\t\t\t\t<div class=\"et_pb_text_inner\"><p><strong>Autorizzazione alla pubblicazione di fotografie e\/o riprese video<\/strong><\/p>\n<p>Cliccando qui dichiaro di prestare il consenso alla condivisione delle immagini fotografiche e\/o video che ritraggono la mia persona e che saranno raccolte durante l'evento da operatori specializzati, con la societ\u00e0 Canon Italia S.p.A e con la propria casa madre Canon Europa N.V., per scopi di promozione dell'evento sui canali social delle predette Societ\u00e0, per scopi di referenza, esclusa in ogni caso gli scopi di lucro. Le immagini saranno utilizzate nel rispetto dei tuoi diritti, senza ledere in alcun modo la dignit\u00e0, il decoro o la reputazione. A tale fine dichiaro di rinunciare a qualunque corrispettivo possa derivare dalla pubblicazione e dall'utilizzo delle immagini fotografiche e video che mi ritraggono secondo le modalit\u00e0 sopra indicate e di non avere nulla a che pretendere da Canon Italia S.p.A. o dai suoi aventi causa ad alcun titolo presente e futuro per le pubblicazioni e utilizzazioni di cui sopra.<\/p><\/div>\n\t\t\t<\/div><div class=\"et_pb_module et_d4_element et_pb_text et_pb_text_4 paragrafo-testo et_animated  et_pb_text_align_justified et_pb_bg_layout_light\">\n\t\t\t\t\n\t\t\t\t\n\t\t\t\t\n\t\t\t\t\n\t\t\t\t<div class=\"et_pb_text_inner\"><p style=\"text-align: justify;\"><strong>Titolare del trattamento<br \/>\n<\/strong><\/p>\n<p style=\"text-align: justify;\">MediaMaking Srl<br \/>\nVia Mestre 19 \u2013 20132 Milano<br \/>\nContattabile tramite l\u2019apposita sezione del nostro sito.<\/p>\n<p style=\"text-align: justify;\"><strong>Aggiornamenti<br \/>\n<\/strong><\/p>\n<p style=\"text-align: justify;\">La presente informativa \u00e8 aggiornata alla data del 04 agosto 2025.<\/p><\/div>\n\t\t\t<\/div>\n\t\t\t<\/div>\n\t\t\t\t\n\t\t\t\t\n\t\t\t\t\n\t\t\t\t\n\t\t\t<\/div>\n\t\t\t\t\n\t\t\t\t\n\t\t\t<\/div>\n","protected":false},"excerpt":{"rendered":"","protected":false},"author":22,"featured_media":0,"parent":0,"menu_order":14,"comment_status":"closed","ping_status":"closed","template":"","meta":{"_acf_changed":false,"_et_pb_use_builder":"on","_et_pb_old_content":"","_et_gb_content_width":"","footnotes":""},"class_list":["post-79052","page","type-page","status-publish","hentry"],"acf":[],"yoast_head":"<!-- This site is optimized with the Yoast SEO plugin v27.5 - https:\/\/yoast.com\/product\/yoast-seo-wordpress\/ -->\n<title>Privacy Canon Event - MediaMaking<\/title>\n<meta name=\"robots\" content=\"index, follow, max-snippet:-1, max-image-preview:large, max-video-preview:-1\" \/>\n<link rel=\"canonical\" href=\"https:\/\/mediamaking.com\/privacy-canon-event\/\" \/>\n<meta property=\"og:locale\" content=\"en_US\" \/>\n<meta property=\"og:type\" content=\"article\" \/>\n<meta property=\"og:title\" content=\"Privacy Canon Event - MediaMaking\" \/>\n<meta property=\"og:url\" content=\"https:\/\/mediamaking.com\/privacy-canon-event\/\" \/>\n<meta property=\"og:site_name\" content=\"MediaMaking\" \/>\n<meta property=\"article:publisher\" content=\"https:\/\/www.facebook.com\/MediaMaking\/\" \/>\n<meta property=\"article:modified_time\" content=\"2025-09-09T14:00:39+00:00\" \/>\n<meta name=\"twitter:label1\" content=\"Est. reading time\" \/>\n\t<meta name=\"twitter:data1\" content=\"5 minutes\" \/>\n<script type=\"application\/ld+json\" class=\"yoast-schema-graph\">{\"@context\":\"https:\\\/\\\/schema.org\",\"@graph\":[{\"@type\":\"WebPage\",\"@id\":\"https:\\\/\\\/mediamaking.com\\\/privacy-canon-event\\\/\",\"url\":\"https:\\\/\\\/mediamaking.com\\\/privacy-canon-event\\\/\",\"name\":\"Privacy Canon Event - MediaMaking\",\"isPartOf\":{\"@id\":\"https:\\\/\\\/mediamaking.com\\\/en\\\/#website\"},\"datePublished\":\"2024-10-31T14:56:34+00:00\",\"dateModified\":\"2025-09-09T14:00:39+00:00\",\"breadcrumb\":{\"@id\":\"https:\\\/\\\/mediamaking.com\\\/privacy-canon-event\\\/#breadcrumb\"},\"inLanguage\":\"en-US\",\"potentialAction\":[{\"@type\":\"ReadAction\",\"target\":[\"https:\\\/\\\/mediamaking.com\\\/privacy-canon-event\\\/\"]}]},{\"@type\":\"BreadcrumbList\",\"@id\":\"https:\\\/\\\/mediamaking.com\\\/privacy-canon-event\\\/#breadcrumb\",\"itemListElement\":[{\"@type\":\"ListItem\",\"position\":1,\"name\":\"Home\",\"item\":\"https:\\\/\\\/mediamaking.com\\\/en\\\/\"},{\"@type\":\"ListItem\",\"position\":2,\"name\":\"Privacy Canon Event\"}]},{\"@type\":\"WebSite\",\"@id\":\"https:\\\/\\\/mediamaking.com\\\/en\\\/#website\",\"url\":\"https:\\\/\\\/mediamaking.com\\\/en\\\/\",\"name\":\"MediaMaking\",\"description\":\"Your success is our job!\",\"potentialAction\":[{\"@type\":\"SearchAction\",\"target\":{\"@type\":\"EntryPoint\",\"urlTemplate\":\"https:\\\/\\\/mediamaking.com\\\/en\\\/?s={search_term_string}\"},\"query-input\":{\"@type\":\"PropertyValueSpecification\",\"valueRequired\":true,\"valueName\":\"search_term_string\"}}],\"inLanguage\":\"en-US\"}]}<\/script>\n<!-- \/ Yoast SEO plugin. -->","yoast_head_json":{"title":"Privacy Canon Event - MediaMaking","robots":{"index":"index","follow":"follow","max-snippet":"max-snippet:-1","max-image-preview":"max-image-preview:large","max-video-preview":"max-video-preview:-1"},"canonical":"https:\/\/mediamaking.com\/privacy-canon-event\/","og_locale":"en_US","og_type":"article","og_title":"Privacy Canon Event - MediaMaking","og_url":"https:\/\/mediamaking.com\/privacy-canon-event\/","og_site_name":"MediaMaking","article_publisher":"https:\/\/www.facebook.com\/MediaMaking\/","article_modified_time":"2025-09-09T14:00:39+00:00","twitter_misc":{"Est. reading time":"5 minutes"},"schema":{"@context":"https:\/\/schema.org","@graph":[{"@type":"WebPage","@id":"https:\/\/mediamaking.com\/privacy-canon-event\/","url":"https:\/\/mediamaking.com\/privacy-canon-event\/","name":"Privacy Canon Event - MediaMaking","isPartOf":{"@id":"https:\/\/mediamaking.com\/en\/#website"},"datePublished":"2024-10-31T14:56:34+00:00","dateModified":"2025-09-09T14:00:39+00:00","breadcrumb":{"@id":"https:\/\/mediamaking.com\/privacy-canon-event\/#breadcrumb"},"inLanguage":"en-US","potentialAction":[{"@type":"ReadAction","target":["https:\/\/mediamaking.com\/privacy-canon-event\/"]}]},{"@type":"BreadcrumbList","@id":"https:\/\/mediamaking.com\/privacy-canon-event\/#breadcrumb","itemListElement":[{"@type":"ListItem","position":1,"name":"Home","item":"https:\/\/mediamaking.com\/en\/"},{"@type":"ListItem","position":2,"name":"Privacy Canon Event"}]},{"@type":"WebSite","@id":"https:\/\/mediamaking.com\/en\/#website","url":"https:\/\/mediamaking.com\/en\/","name":"MediaMaking","description":"Your success is our job!","potentialAction":[{"@type":"SearchAction","target":{"@type":"EntryPoint","urlTemplate":"https:\/\/mediamaking.com\/en\/?s={search_term_string}"},"query-input":{"@type":"PropertyValueSpecification","valueRequired":true,"valueName":"search_term_string"}}],"inLanguage":"en-US"}]}},"_links":{"self":[{"href":"https:\/\/mediamaking.com\/en\/wp-json\/wp\/v2\/pages\/79052","targetHints":{"allow":["GET"]}}],"collection":[{"href":"https:\/\/mediamaking.com\/en\/wp-json\/wp\/v2\/pages"}],"about":[{"href":"https:\/\/mediamaking.com\/en\/wp-json\/wp\/v2\/types\/page"}],"author":[{"embeddable":true,"href":"https:\/\/mediamaking.com\/en\/wp-json\/wp\/v2\/users\/22"}],"replies":[{"embeddable":true,"href":"https:\/\/mediamaking.com\/en\/wp-json\/wp\/v2\/comments?post=79052"}],"version-history":[{"count":9,"href":"https:\/\/mediamaking.com\/en\/wp-json\/wp\/v2\/pages\/79052\/revisions"}],"predecessor-version":[{"id":81702,"href":"https:\/\/mediamaking.com\/en\/wp-json\/wp\/v2\/pages\/79052\/revisions\/81702"}],"wp:attachment":[{"href":"https:\/\/mediamaking.com\/en\/wp-json\/wp\/v2\/media?parent=79052"}],"curies":[{"name":"wp","href":"https:\/\/api.w.org\/{rel}","templated":true}]}}